{"id":32,"date":"2019-11-14T14:57:58","date_gmt":"2019-11-14T19:57:58","guid":{"rendered":"https:\/\/www.montealegreasociados.com\/?page_id=32"},"modified":"2020-01-20T17:11:35","modified_gmt":"2020-01-20T22:11:35","slug":"inicio","status":"publish","type":"page","link":"https:\/\/www.montealegreasociados.com\/","title":{"rendered":"Inicio"},"content":{"rendered":"<p>[et_pb_section fb_built=&#8221;1&#8243; _builder_version=&#8221;4.0.2&#8243; top_divider_style=&#8221;slant2&#8243; top_divider_color=&#8221;#5e2129&#8243; top_divider_height=&#8221;54px&#8221;][et_pb_row column_structure=&#8221;1_2,1_2&#8243; _builder_version=&#8221;4.0.2&#8243; min_height=&#8221;80px&#8221; custom_padding=&#8221;25px|||||&#8221;][et_pb_column type=&#8221;1_2&#8243; _builder_version=&#8221;4.0.2&#8243;][et_pb_image src=&#8221;https:\/\/www.montealegreasociados.com\/wp-content\/uploads\/2020\/01\/1280px-LinkedIn_Logo.svg_.png&#8221; _builder_version=&#8221;4.0.2&#8243; max_width=&#8221;30%&#8221; url=&#8221;https:\/\/co.linkedin.com\/in\/jamasoc\/%7Bcountry%3Des%2C+language%3Des%7D?trk=people-guest_people_search-card&#8221; hover_enabled=&#8221;0&#8243;][\/et_pb_image][\/et_pb_column][et_pb_column type=&#8221;1_2&#8243; _builder_version=&#8221;4.0.2&#8243;][et_pb_button button_url=&#8221;https:\/\/www.montealegreasociados.com\/index.php\/home\/&#8221; button_text=&#8221;English version&#8221; _builder_version=&#8221;4.0.2&#8243;][\/et_pb_button][\/et_pb_column][\/et_pb_row][\/et_pb_section][et_pb_section fb_built=&#8221;1&#8243; _builder_version=&#8221;4.0.2&#8243; background_color=&#8221;#f2f2f2&#8243; min_height=&#8221;373px&#8221; custom_margin=&#8221;-83px|||||&#8221;][et_pb_row _builder_version=&#8221;4.0.2&#8243; custom_padding=&#8221;3px|||4px||&#8221;][et_pb_column type=&#8221;4_4&#8243; _builder_version=&#8221;4.0.2&#8243;][et_pb_text _builder_version=&#8221;4.0.2&#8243; min_height=&#8221;55px&#8221; custom_padding=&#8221;||0px|||&#8221;]<\/p>\n<p style=\"text-align: justify;\"><span><\/span><\/p>\n<p style=\"text-align: justify;\"><span>Nuestro objetivo es lograr la b\u00fasqueda y selecci\u00f3n exitosa de un ejecutivo altamente calificado que llene los requisitos exigidos por nuestros clientes y se adapte a su cultura. Para obtener estos resultados realizamos un minucioso proceso de selecci\u00f3n que consta de lo siguiente:<\/span><\/p>\n<p>[\/et_pb_text][\/et_pb_column][\/et_pb_row][et_pb_row column_structure=&#8221;1_4,1_4,1_4,1_4&#8243; _builder_version=&#8221;4.0.2&#8243; min_height=&#8221;381px&#8221; custom_margin=&#8221;-41px|auto||auto||&#8221; custom_padding=&#8221;13px|||||&#8221;][et_pb_column type=&#8221;1_4&#8243; _builder_version=&#8221;4.0.2&#8243;][et_pb_text _builder_version=&#8221;4.0.2&#8243;]<\/p>\n<h2><span style=\"color: #5e2129;\"><strong>PRIMERA FASE:<\/strong><\/span><\/h2>\n<p><span style=\"font-family: inherit; font-weight: normal;\">Conocimiento de la empresa, cultura, entorno econ\u00f3mico, mercado, competencia, objetivos y estrategias; conocimiento de la posici\u00f3n en lo referente a nivel de reporte, funciones, responsabilidades, objetivos y compensaci\u00f3n total anual, as\u00ed como de las caracter\u00edsticas de personalidad, formaci\u00f3n, experiencia y competencias necesarias del ejecutivo.<\/span><\/p>\n<p>[\/et_pb_text][\/et_pb_column][et_pb_column type=&#8221;1_4&#8243; _builder_version=&#8221;4.0.2&#8243;][et_pb_text _builder_version=&#8221;4.0.2&#8243;]<\/p>\n<h2><span style=\"color: #5e2129;\"><strong>SEGUNDA FASE:<\/strong><\/span><\/h2>\n<p><span>Definido el perfil, iniciamos la identificaci\u00f3n de candidatos de forma sistem\u00e1tica, mediante inteligencia de mercados de aquellos sectores y compa\u00f1\u00edas en las cuales puede encontrarse el ejecutivo con las caracter\u00edsticas requeridas.<\/span><\/p>\n<p>[\/et_pb_text][\/et_pb_column][et_pb_column type=&#8221;1_4&#8243; _builder_version=&#8221;4.0.2&#8243;][et_pb_text _builder_version=&#8221;4.0.2&#8243;]<\/p>\n<h2><span style=\"color: #5e2129;\"><strong>TERCERA FASE:<\/strong><\/span><\/h2>\n<p><span>Entrevista a profundidad y evaluaci\u00f3n de los ejecutivos potencialmente capacitados, determinando sus calificaciones, logros, competencias, motivaciones, intereses de cambio y de un nuevo reto profesional, para as\u00ed establecer s\u00ed se ajusta a la cultura, y requerimientos de nuestra empresa cliente. Elaboramos un informe confidencial en tiempo record, de los ejecutivos calificados para la posici\u00f3n.<\/span><\/p>\n<p>[\/et_pb_text][\/et_pb_column][et_pb_column type=&#8221;1_4&#8243; _builder_version=&#8221;4.0.2&#8243;][et_pb_text _builder_version=&#8221;4.0.2&#8243; custom_padding=&#8221;7px|||||&#8221;]<\/p>\n<h2><strong><span style=\"color: #5e2129;\">CUARTA FASE:<\/span><\/strong><\/h2>\n<p><span>Asesoramos a nuestros clientes, en las negociaciones finales con el ejecutivo seleccionado y posteriormente, hacemos un seguimiento peri\u00f3dico al proceso de integraci\u00f3n a su compa\u00f1\u00eda.<\/span><\/p>\n<p>[\/et_pb_text][\/et_pb_column][\/et_pb_row][\/et_pb_section][et_pb_section fb_built=&#8221;1&#8243; _builder_version=&#8221;4.0.2&#8243; background_color=&#8221;#f2f2f2&#8243; min_height=&#8221;53px&#8221; custom_margin=&#8221;-13px|||||&#8221; custom_padding=&#8221;18px|||||&#8221;][et_pb_row _builder_version=&#8221;4.0.2&#8243;][et_pb_column type=&#8221;4_4&#8243; _builder_version=&#8221;4.0.2&#8243;][et_pb_text _builder_version=&#8221;4.0.2&#8243; min_height=&#8221;65px&#8221; custom_margin=&#8221;-96px|||||&#8221; custom_padding=&#8221;||0px|||&#8221;]<\/p>\n<h2><strong><span style=\"color: #5e2129;\">GARANT\u00cdA:<\/span><\/strong><\/h2>\n<p><b>MONTEALEGRE ASOCIADOS,<\/b><span>\u00a0ofrece una garant\u00eda de un a\u00f1o sin ning\u00fan costo adicional para nuestros clientes.<\/span><\/p>\n<p>[\/et_pb_text][\/et_pb_column][\/et_pb_row][\/et_pb_section][et_pb_section fb_built=&#8221;1&#8243; specialty=&#8221;on&#8221; module_id=&#8221;QS&#8221; _builder_version=&#8221;4.0.2&#8243; background_color=&#8221;#ededed&#8221; custom_padding=&#8221;||10px|||&#8221;][et_pb_column type=&#8221;1_2&#8243; specialty_columns=&#8221;2&#8243; _builder_version=&#8221;3.25&#8243; custom_padding=&#8221;|||&#8221; custom_padding__hover=&#8221;|||&#8221;][et_pb_row_inner _builder_version=&#8221;4.0.2&#8243;][et_pb_column_inner saved_specialty_column_type=&#8221;1_2&#8243; _builder_version=&#8221;4.0.2&#8243;][et_pb_text _builder_version=&#8221;4.0.2&#8243; custom_padding=&#8221;2px|||||&#8221;]<\/p>\n<p><strong><span style=\"color: #5e2129;\">JORGE A. MONTEALEGRE ASOCIADOS<\/span><\/strong> &#8211; B\u00fasqueda de Ejecutivos, establecida en 1989, se constituy\u00f3 exclusivamente con el objeto de seleccionar el mejor talento ejecutivo para las organizaciones clientes, a trav\u00e9s de una consultor\u00eda altamente especializada y personalizada en b\u00fasqueda y selecci\u00f3n de ejecutivos.<\/p>\n<p>Es una empresa que durante 27 a\u00f1os ha ubicado Ejecutivos para posiciones de Gerencia General, Mercadeo, Ventas, Cadena de Abastecimiento, Finanzas, Recursos Humanos, Manufactura, Medio Ambiente y Tecnolog\u00eda y posiciones de tercer nivel nacional e internacional.<\/p>\n<p>[\/et_pb_text][et_pb_text _builder_version=&#8221;4.0.2&#8243;]<\/p>\n<div id=\"sub_titulo\" class=\" Estilo5_2\"><span style=\"text-decoration: underline;\"><span style=\"color: #5e2129;\"><strong>FILOSOF\u00cdA<\/strong><\/span><\/span><\/div>\n<div id=\"txt_hor2\" class=\" Estilo5\">Nuestra filosof\u00eda est\u00e1 centrada en nuestros clientes a los cuales les damos un asesoramiento de alta calidad y dentro de una absoluta confidencialidad, debido al tipo de informaci\u00f3n que manejamos sobre su cultura, mercados, estado econ\u00f3mico, estrategias y el conocimiento de su recurso humano. Con base en lo anterior, consideramos que nuestro compromiso primario es con el cliente y por lo tanto sus intereses deben primar en cualquier situaci\u00f3n.<\/div>\n<p>[\/et_pb_text][\/et_pb_column_inner][\/et_pb_row_inner][\/et_pb_column][et_pb_column type=&#8221;1_2&#8243; _builder_version=&#8221;3.25&#8243; custom_padding=&#8221;|||&#8221; custom_padding__hover=&#8221;|||&#8221;][et_pb_text _builder_version=&#8221;4.0.2&#8243; custom_padding=&#8221;0px|||||&#8221;]<\/p>\n<div id=\"sud_titulo2\" class=\"Estilo5_2\"><span style=\"text-decoration: underline;\"><span style=\"color: #5e2129;\"><strong>C\u00d3DIGO DE \u00c9TICA<\/strong><\/span><\/span><\/div>\n<p>&nbsp;<\/p>\n<ul>\n<li>Nunca se le identificar\u00e1 a un ejecutivo nuestra compa\u00f1\u00eda cliente, hasta que \u00e9sta lo autorice.<\/li>\n<\/ul>\n<ul>\n<li>Un ejecutivo no ser\u00e1 presentado a dos compa\u00f1\u00edas clientes simult\u00e1neamente.<\/li>\n<\/ul>\n<ul>\n<li>Para presentar un ejecutivo como candidato, este debe saber que va a ser presentado y dar su aprobaci\u00f3n.<\/li>\n<\/ul>\n<ul>\n<li>Todos los ejecutivos presentados a nuestros clientes ser\u00e1n entrevistados y evaluados de acuerdo con el perfil establecido previamente y a los par\u00e1metros fijados por nuestra compa\u00f1\u00eda.<\/li>\n<\/ul>\n<ul>\n<li>A los ejecutivos presentados a nuestros clientes, se les mantendr\u00e1 claramente informados sobre su posici\u00f3n en la b\u00fasqueda.<\/li>\n<\/ul>\n<p>&nbsp;<\/p>\n<p>&nbsp;<\/p>\n<p>[\/et_pb_text][\/et_pb_column][\/et_pb_section][et_pb_section fb_built=&#8221;1&#8243; module_id=&#8221;NE&#8221; _builder_version=&#8221;4.0.2&#8243;][et_pb_row column_structure=&#8221;1_3,1_3,1_3&#8243; _builder_version=&#8221;4.0.2&#8243; background_color=&#8221;#ebedef&#8221; custom_padding=&#8221;36px|||||&#8221;][et_pb_column type=&#8221;1_3&#8243; _builder_version=&#8221;4.0.2&#8243;][et_pb_image src=&#8221;https:\/\/www.montealegreasociados.com\/wp-content\/uploads\/2019\/12\/jorge-montealegre.jpg&#8221; align=&#8221;center&#8221; _builder_version=&#8221;4.0.2&#8243;][\/et_pb_image][et_pb_text _builder_version=&#8221;4.0.2&#8243;]<\/p>\n<h2><strong><span style=\"color: #5e2129;\">JORGE MONTEALEGRE<\/span><\/strong><\/h2>\n<p style=\"text-align: justify;\"><span>Como Socio Fundador de nuestra firma, posee una experiencia de m\u00e1s de 40 a\u00f1os de pr\u00e1ctica profesional como Consultor Especializado en B\u00fasqueda y Selecci\u00f3n de Ejecutivos, adquirida inicialmente como Consultor, Gerente General Argentina y Gerente Nacional de Operaciones en TOP MANAGEMENT INTERNATIONAL, 1976 \u2013 1984; luego como Socio Fundador y Gerente General en BOYDEN COLOMBIA, 1984 \u2013 1988 y a partir de 1989, ha liderado su compa\u00f1\u00eda\u00a0<\/span><b>JORGE A. MONTEALEGRE ASOCIADOS \u2013 B\u00fasqueda de Ejecutivos,<\/b><span>\u00a0habiendo adquirido un profundo conocimiento de los diferentes sectores de la econom\u00eda, as\u00ed como del mercado laboral y de los ejecutivos, Psic\u00f3logo egresado de la Pontificia Universidad Javeriana.<\/span><\/p>\n<p>[\/et_pb_text][\/et_pb_column][et_pb_column type=&#8221;1_3&#8243; _builder_version=&#8221;4.0.2&#8243;][et_pb_image src=&#8221;https:\/\/www.montealegreasociados.com\/wp-content\/uploads\/2019\/12\/tatiana-montealegre.jpg&#8221; align=&#8221;center&#8221; _builder_version=&#8221;4.0.2&#8243;][\/et_pb_image][et_pb_text _builder_version=&#8221;4.0.2&#8243;]<\/p>\n<h2><span style=\"color: #5e2129;\"><strong>TATIANA MONTEALEGRE<\/strong><\/span><\/h2>\n<p style=\"text-align: justify;\"><span>Administradora de Empresas de la Pontificia Universidad Javeriana, 2001 y Especialista en Mercadeo Estrat\u00e9gico del CESA, entra a hacer parte de la compa\u00f1\u00eda en 2013 aportando su experiencia y conocimiento de las organizaciones, sus estructuras y cultura corporativa adquirida en compa\u00f1\u00edas multinacionales como 3M Colombia, Nestl\u00e9 de Colombia S.A, Kellogg de Colombia y The Coca-Cola Company, donde lider\u00f3 \u00e1reas de ventas, Trade Marketing y Mercadeo.<\/span><\/p>\n<p>[\/et_pb_text][\/et_pb_column][et_pb_column type=&#8221;1_3&#8243; _builder_version=&#8221;4.0.2&#8243;][et_pb_image src=&#8221;https:\/\/www.montealegreasociados.com\/wp-content\/uploads\/2019\/12\/marta-sanchez.jpg&#8221; align=&#8221;center&#8221; _builder_version=&#8221;4.0.2&#8243;][\/et_pb_image][et_pb_text _builder_version=&#8221;4.0.2&#8243;]<\/p>\n<h2><span style=\"color: #5e2129;\"><strong>MARTA S\u00c1NCHEZ<\/strong><\/span><\/h2>\n<p style=\"text-align: justify;\"><span>Socia Fundadora y Gerente Administrativa. Secretaria Ejecutiva Biling\u00fce del Centro Cultural Colombo Americano, tiene una amplia experiencia en las \u00e1reas administrativas y de relaciones p\u00fablicas obtenida en La Embajada Americana, Intercor y Carboqu\u00edmica.<\/span><\/p>\n<p>[\/et_pb_text][\/et_pb_column][\/et_pb_row][\/et_pb_section]<\/p>\n","protected":false},"excerpt":{"rendered":"<p>[et_pb_section fb_built=&#8221;1&#8243; _builder_version=&#8221;4.0.2&#8243; top_divider_style=&#8221;slant2&#8243; top_divider_color=&#8221;#5e2129&#8243; top_divider_height=&#8221;54px&#8221;][et_pb_row column_structure=&#8221;1_2,1_2&#8243; _builder_version=&#8221;4.0.2&#8243; min_height=&#8221;80px&#8221; custom_padding=&#8221;25px|||||&#8221;][et_pb_column type=&#8221;1_2&#8243; _builder_version=&#8221;4.0.2&#8243;][et_pb_image src=&#8221;https:\/\/www.montealegreasociados.com\/wp-content\/uploads\/2020\/01\/1280px-LinkedIn_Logo.svg_.png&#8221; _builder_version=&#8221;4.0.2&#8243; max_width=&#8221;30%&#8221; url=&#8221;https:\/\/co.linkedin.com\/in\/jamasoc\/%7Bcountry%3Des%2C+language%3Des%7D?trk=people-guest_people_search-card&#8221; hover_enabled=&#8221;0&#8243;][\/et_pb_image][\/et_pb_column][et_pb_column type=&#8221;1_2&#8243; _builder_version=&#8221;4.0.2&#8243;][et_pb_button button_url=&#8221;https:\/\/www.montealegreasociados.com\/index.php\/home\/&#8221; button_text=&#8221;English version&#8221; _builder_version=&#8221;4.0.2&#8243;][\/et_pb_button][\/et_pb_column][\/et_pb_row][\/et_pb_section][et_pb_section fb_built=&#8221;1&#8243; _builder_version=&#8221;4.0.2&#8243; background_color=&#8221;#f2f2f2&#8243; min_height=&#8221;373px&#8221; custom_margin=&#8221;-83px|||||&#8221;][et_pb_row _builder_version=&#8221;4.0.2&#8243; custom_padding=&#8221;3px|||4px||&#8221;][et_pb_column type=&#8221;4_4&#8243; _builder_version=&#8221;4.0.2&#8243;][et_pb_text _builder_version=&#8221;4.0.2&#8243; min_height=&#8221;55px&#8221; custom_padding=&#8221;||0px|||&#8221;] Nuestro objetivo es lograr la b\u00fasqueda y selecci\u00f3n exitosa de un ejecutivo altamente calificado que llene los requisitos exigidos por [&hellip;]<\/p>\n","protected":false},"author":1,"featured_media":0,"parent":0,"menu_order":0,"comment_status":"closed","ping_status":"closed","template":"","meta":{"_et_pb_use_builder":"on","_et_pb_old_content":""},"yoast_head":"<!-- This site is optimized with the Yoast SEO plugin v16.4 - https:\/\/yoast.com\/wordpress\/plugins\/seo\/ -->\n<title>Inicio - Montealegre Asociados<\/title>\n<meta name=\"robots\" content=\"index, follow, max-snippet:-1, max-image-preview:large, max-video-preview:-1\" \/>\n<link rel=\"canonical\" href=\"https:\/\/www.montealegreasociados.com\/\" \/>\n<meta property=\"og:locale\" content=\"es_ES\" \/>\n<meta property=\"og:type\" content=\"article\" \/>\n<meta property=\"og:title\" content=\"Inicio - Montealegre Asociados\" \/>\n<meta property=\"og:description\" content=\"[et_pb_section fb_built=&#8221;1&#8243; _builder_version=&#8221;4.0.2&#8243; top_divider_style=&#8221;slant2&#8243; top_divider_color=&#8221;#5e2129&#8243; top_divider_height=&#8221;54px&#8221;][et_pb_row column_structure=&#8221;1_2,1_2&#8243; _builder_version=&#8221;4.0.2&#8243; min_height=&#8221;80px&#8221; custom_padding=&#8221;25px|||||&#8221;][et_pb_column type=&#8221;1_2&#8243; _builder_version=&#8221;4.0.2&#8243;][et_pb_image src=&#8221;https:\/\/www.montealegreasociados.com\/wp-content\/uploads\/2020\/01\/1280px-LinkedIn_Logo.svg_.png&#8221; _builder_version=&#8221;4.0.2&#8243; max_width=&#8221;30%&#8221; url=&#8221;https:\/\/co.linkedin.com\/in\/jamasoc\/%7Bcountry%3Des%2C+language%3Des%7D?trk=people-guest_people_search-card&#8221; hover_enabled=&#8221;0&#8243;][\/et_pb_image][\/et_pb_column][et_pb_column type=&#8221;1_2&#8243; _builder_version=&#8221;4.0.2&#8243;][et_pb_button button_url=&#8221;https:\/\/www.montealegreasociados.com\/index.php\/home\/&#8221; button_text=&#8221;English version&#8221; _builder_version=&#8221;4.0.2&#8243;][\/et_pb_button][\/et_pb_column][\/et_pb_row][\/et_pb_section][et_pb_section fb_built=&#8221;1&#8243; _builder_version=&#8221;4.0.2&#8243; background_color=&#8221;#f2f2f2&#8243; min_height=&#8221;373px&#8221; custom_margin=&#8221;-83px|||||&#8221;][et_pb_row _builder_version=&#8221;4.0.2&#8243; custom_padding=&#8221;3px|||4px||&#8221;][et_pb_column type=&#8221;4_4&#8243; _builder_version=&#8221;4.0.2&#8243;][et_pb_text _builder_version=&#8221;4.0.2&#8243; min_height=&#8221;55px&#8221; custom_padding=&#8221;||0px|||&#8221;] Nuestro objetivo es lograr la b\u00fasqueda y selecci\u00f3n exitosa de un ejecutivo altamente calificado que llene los requisitos exigidos por [&hellip;]\" \/>\n<meta property=\"og:url\" content=\"https:\/\/www.montealegreasociados.com\/\" \/>\n<meta property=\"og:site_name\" content=\"Montealegre Asociados\" \/>\n<meta property=\"article:modified_time\" content=\"2020-01-20T22:11:35+00:00\" \/>\n<meta name=\"twitter:card\" content=\"summary_large_image\" \/>\n<meta name=\"twitter:label1\" content=\"Tiempo de lectura\" \/>\n\t<meta name=\"twitter:data1\" content=\"6 minutos\" \/>\n<script type=\"application\/ld+json\" class=\"yoast-schema-graph\">{\"@context\":\"https:\/\/schema.org\",\"@graph\":[{\"@type\":\"WebSite\",\"@id\":\"https:\/\/www.montealegreasociados.com\/#website\",\"url\":\"https:\/\/www.montealegreasociados.com\/\",\"name\":\"Montealegre Asociados\",\"description\":\"\",\"potentialAction\":[{\"@type\":\"SearchAction\",\"target\":\"https:\/\/www.montealegreasociados.com\/?s={search_term_string}\",\"query-input\":\"required name=search_term_string\"}],\"inLanguage\":\"es\"},{\"@type\":\"WebPage\",\"@id\":\"https:\/\/www.montealegreasociados.com\/#webpage\",\"url\":\"https:\/\/www.montealegreasociados.com\/\",\"name\":\"Inicio - Montealegre Asociados\",\"isPartOf\":{\"@id\":\"https:\/\/www.montealegreasociados.com\/#website\"},\"datePublished\":\"2019-11-14T19:57:58+00:00\",\"dateModified\":\"2020-01-20T22:11:35+00:00\",\"breadcrumb\":{\"@id\":\"https:\/\/www.montealegreasociados.com\/#breadcrumb\"},\"inLanguage\":\"es\",\"potentialAction\":[{\"@type\":\"ReadAction\",\"target\":[\"https:\/\/www.montealegreasociados.com\/\"]}]},{\"@type\":\"BreadcrumbList\",\"@id\":\"https:\/\/www.montealegreasociados.com\/#breadcrumb\",\"itemListElement\":[{\"@type\":\"ListItem\",\"position\":1,\"item\":{\"@type\":\"WebPage\",\"@id\":\"https:\/\/www.montealegreasociados.com\/\",\"url\":\"https:\/\/www.montealegreasociados.com\/\",\"name\":\"Portada\"}},{\"@type\":\"ListItem\",\"position\":2,\"item\":{\"@id\":\"https:\/\/www.montealegreasociados.com\/#webpage\"}}]}]}<\/script>\n<!-- \/ Yoast SEO plugin. -->","_links":{"self":[{"href":"https:\/\/www.montealegreasociados.com\/index.php\/wp-json\/wp\/v2\/pages\/32"}],"collection":[{"href":"https:\/\/www.montealegreasociados.com\/index.php\/wp-json\/wp\/v2\/pages"}],"about":[{"href":"https:\/\/www.montealegreasociados.com\/index.php\/wp-json\/wp\/v2\/types\/page"}],"author":[{"embeddable":true,"href":"https:\/\/www.montealegreasociados.com\/index.php\/wp-json\/wp\/v2\/users\/1"}],"replies":[{"embeddable":true,"href":"https:\/\/www.montealegreasociados.com\/index.php\/wp-json\/wp\/v2\/comments?post=32"}],"version-history":[{"count":32,"href":"https:\/\/www.montealegreasociados.com\/index.php\/wp-json\/wp\/v2\/pages\/32\/revisions"}],"predecessor-version":[{"id":149,"href":"https:\/\/www.montealegreasociados.com\/index.php\/wp-json\/wp\/v2\/pages\/32\/revisions\/149"}],"wp:attachment":[{"href":"https:\/\/www.montealegreasociados.com\/index.php\/wp-json\/wp\/v2\/media?parent=32"}],"curies":[{"name":"wp","href":"https:\/\/api.w.org\/{rel}","templated":true}]}}